{"id":161,"date":"2017-12-29T16:59:53","date_gmt":"2017-12-29T08:59:53","guid":{"rendered":"http:\/\/nas2.biodiv.tw\/TIGP-biodiv\/?page_id=161"},"modified":"2026-01-08T16:13:21","modified_gmt":"2026-01-08T08:13:21","slug":"faculty","status":"publish","type":"page","link":"https:\/\/tigp-biodiv.biodiv.tw\/index.php\/faculty\/","title":{"rendered":"FACULTY"},"content":{"rendered":"\n<p><\/p>\n\n\n\n<div class=\"wp-block-group\"><div class=\"wp-block-group__inner-container is-layout-constrained wp-block-group-is-layout-constrained\">\n<h4 style=\"text-align: center;\"><span style=\"color: #000000;\">Academia Sinica<\/span><br \/><span style=\"color: #000000;\">National Taiwan Normal University<\/span><br \/><span style=\"color: #000000;\">Tunghai University<br \/><\/span><\/h4>\n<p style=\"text-align: center;\"><span style=\"color: #0000ff;\"><a style=\"color: #0000ff;\" href=\"https:\/\/docs.google.com\/spreadsheets\/d\/1n6egK7zmBY3EzjRCtJOYIV-WMfcTtXw0hR2MV5djjpM\/edit?usp=sharing\"><strong>All Faculty&#8217;s research field (click to download)<\/strong><\/a><\/span><\/p>\n<\/div><\/div>\n\n\n\n<figure class=\"wp-block-table\"><table class=\"has-vivid-cyan-blue-color has-text-color has-link-color has-fixed-layout\"><tbody><tr><td colspan=\"2\"><strong><a href=\"https:\/\/www.sinica.edu.tw\/en\"><mark style=\"background-color:rgba(0, 0, 0, 0)\" class=\"has-inline-color has-vivid-red-color\">ACADEMIA SINICA<\/mark><\/a><\/strong><\/td><\/tr><tr><td colspan=\"2\"><a href=\"https:\/\/biodiv.tw\/\"><strong><mark style=\"background-color:rgba(0, 0, 0, 0)\" class=\"has-inline-color has-vivid-red-color\">Biodiversity Research Center<\/mark><\/strong><\/a><\/td><\/tr><tr><td><mark style=\"background-color:rgba(0, 0, 0, 0)\" class=\"has-inline-color has-black-color\"><a href=\"https:\/\/biodiv.tw\/zh_pi-Wen-Hsiung_Li\"><strong>Wen-Hsiung Li<\/strong><\/a> <br>Ph.D., Brown University, Providence, RI, USA <br><br>Evolutionary genomics, molecular evolution, bioinformatics and computational biology, population genetics, human genetics<\/mark><\/td><td><mark style=\"background-color:rgba(0, 0, 0, 0)\" class=\"has-inline-color has-black-color\"><a href=\"https:\/\/biodiv.tw\/zh_pi-Benny_Kwok_Kan_Chan\"><strong>Benny K.K. Chan<\/strong><\/a> <br>Ph.D., The University of Hong Kong <br><br>Intertidal and supply-side ecology, barnacle ecology, larval ecology<\/mark><\/td><\/tr><tr><td><mark style=\"background-color:rgba(0, 0, 0, 0)\" class=\"has-inline-color has-black-color\"><a href=\"https:\/\/biodiv.tw\/zh_pi-Chaolun_Allen_Chen\"><strong>Chaolun Allen Chen<\/strong><\/a> <br>Ph.D., James Cook University, Australia <br><br>Evolutionary ecology and genetics of coral reefs, symbiosis, climate change biology<\/mark><\/td><td><mark style=\"background-color:rgba(0, 0, 0, 0)\" class=\"has-inline-color has-black-color\"><strong><a href=\"https:\/\/biodiv.tw\/zh_pi-Yin-Ru_Chiang\">Yin-Ru Chiang<\/a><\/strong> <br>Ph.D., University of Freiburg, Germany <br><br>Physiology and metabolism of bacteria, biodegradation and bioremediation, and microbial metabolomics<\/mark><\/td><\/tr><tr><td><mark style=\"background-color:rgba(0, 0, 0, 0)\" class=\"has-inline-color has-black-color\"><a href=\"https:\/\/biodiv.tw\/zh_pi-Sen-Lin_Tang\"><strong>Sen-Lin Tang<\/strong><\/a> <br>Ph.D., University of Melbourne, Australia <br><br>Microbial biodiversity, genomics, metagenomics<\/mark><\/td><td><mark style=\"background-color:rgba(0, 0, 0, 0)\" class=\"has-inline-color has-black-color\"><a href=\"https:\/\/biodiv.tw\/zh_pi-John_Wang\"><strong>John Wang<\/strong><\/a> <br>Ph.D., Stanford University, USA <br><br>Genetics, genomics, behavior, and evolution of social insects, genome evolution in nematodes<\/mark><\/td><\/tr><tr><td><mark style=\"background-color:rgba(0, 0, 0, 0)\" class=\"has-inline-color has-black-color\"><a href=\"https:\/\/biodiv.tw\/zh_pi-Sheng-Feng_Shen\"><strong>Sheng-Feng Shen<\/strong><\/a> <br>Ph.D., Cornell University, USA <br><br>Behavioral ecology, sociobiology, evolutionary game theory, climate change ecology<\/mark><\/td><td><mark style=\"background-color:rgba(0, 0, 0, 0)\" class=\"has-inline-color has-black-color\"><strong><u><a href=\"https:\/\/biodiv.tw\/zh_pi-Mao-Ning_Tuanmu\">Mao-Ning Tuanmu<\/a><\/u><\/strong> <br>Ph.D., Michigan State University, USA <br><br>Biogeography, biodiversity conservation, remote sensing<\/mark><\/td><\/tr><tr><td><mark style=\"background-color:rgba(0, 0, 0, 0)\" class=\"has-inline-color has-black-color\"><a href=\"https:\/\/biodiv.tw\/zh_pi-Isheng_Jason_Tsai\"><strong>Isheng Jason Tsai<\/strong><\/a> <br>Ph.D., Imperial College, UK <br><br>Evolution of parasitism and pathogenicity. Ecological genomics of fungi and nematodes.<\/mark><\/td><td><mark style=\"background-color:rgba(0, 0, 0, 0)\" class=\"has-inline-color has-black-color\"><a href=\"https:\/\/biodiv.tw\/zh_pi-Kuo-Fang_Chung\"><strong>Kuo-Fang Chung<\/strong><\/a> <br>Ph.D., Washington University in St. Louis, USA <\/mark><br><mark style=\"background-color:rgba(0, 0, 0, 0)\" class=\"has-inline-color has-black-color\"><br>Plant Taxonomy, Evolution, Population Genetics, Biogeography<\/mark><\/td><\/tr><tr><td><mark style=\"background-color:rgba(0, 0, 0, 0)\" class=\"has-inline-color has-black-color\"><a href=\"https:\/\/biodiv.tw\/zh_pi-Chih-Ming_Hung\"><strong>Chih-Ming Hung<\/strong><\/a> <br>Ph.D., University of Minnesota, USA <br><br>Evolution, Population genetics, genomics, phylogeography<\/mark><\/td><td><mark style=\"background-color:rgba(0, 0, 0, 0)\" class=\"has-inline-color has-black-color\"><a href=\"https:\/\/biodiv.tw\/zh_pi-Ko-Hsuan_Chen\"><strong>Ko-Hsuan Chen<\/strong><\/a> <br>PhD, Duke University, USA <br><br>Microbial Ecology, Fungal Systematics, Plant-fungal symbiosis, Mycology, Microbiome<\/mark><\/td><\/tr><tr><td><mark style=\"background-color:rgba(0, 0, 0, 0)\" class=\"has-inline-color has-black-color\"><a href=\"https:\/\/biodiv.tw\/zh_pi-Jen-Pan_Huang\"><strong>Jen-Pan Huang<\/strong><\/a> <br>PhD, University of Michigan, Ann Arbor, USA <br><br>Systematics, Conservation, The interface between Microevolutionary and Macroevolutionary processes<\/mark><\/td><td><mark style=\"background-color:rgba(0, 0, 0, 0)\" class=\"has-inline-color has-black-color\"><a href=\"https:\/\/biodiv.tw\/zh_pi-Chien-Hsiang_Lin\"><strong>Chien-Hsiang Lin<\/strong><\/a> <br>PhD, Universit\u00e0 degli Studi di Bari, Italy <br><br>Paleontology,Paleoecology,Conservation paleobiology,Marine ecology and conservation,Ichthyology and taxonomy,Otolith morphology<\/mark><\/td><\/tr><tr><td><mark style=\"background-color:rgba(0, 0, 0, 0)\" class=\"has-inline-color has-black-color\"><a href=\"https:\/\/biodiv.tw\/zh_pi-Tzu-Hao_Lin\"><strong>Tzu-Hao Lin<\/strong><\/a> <br>PhD, National Taiwan University, Taiwan <br><br>Ecoacoustics, Marine Ecology,Community Ecology,Ecological informatics<\/mark><\/td><td><mark style=\"background-color:rgba(0, 0, 0, 0)\" class=\"has-inline-color has-black-color\"><a href=\"https:\/\/biodiv.tw\/pi-Hui-Yu_Wang\"><strong>Hui-Yu Wang<\/strong><\/a> <br>PhD, University of Michigan, USA <br><br>Life-history evolution, population ecology, fisheries statistics<\/mark><\/td><\/tr><tr><td><mark style=\"background-color:rgba(0, 0, 0, 0)\" class=\"has-inline-color has-black-color\"><a href=\"https:\/\/biodiv.tw\/pi-Yi-Jyun_Luo\"><strong>Yi-Jyun Luo<\/strong><\/a> <br>PhD, Okinawa Institute of Science and Technology Graduate University <br><br>Evolutionary Genomics,Evolutionary Developmental,Symbiosis<\/mark><\/td><td><mark style=\"background-color:rgba(0, 0, 0, 0)\" class=\"has-inline-color has-black-color\"><a href=\"https:\/\/biodiv.tw\/pi-Che-Hung_Lin\"><strong>Che-Hung Lin<\/strong><\/a> <br>PhD, TIGP-Biodiversity Program &amp; National Taiwan Normal University\uff0cTaiwan<br><br>Chronobiology, Coral Reef Ecology, Coral Physiology and Ecology<\/mark><\/td><\/tr><tr><td><mark style=\"background-color:rgba(0, 0, 0, 0)\" class=\"has-inline-color has-black-color\"><a href=\"https:\/\/biodiv.tw\/pi-Chang-Yu_Chang\"><strong>Chang-Yu Chang<\/strong><\/a><br>Ph.D. Yale University, USA<br><br>Community ecology, microbial ecology, evolutionary genomics<\/mark><\/td><td><strong>&nbsp;<\/strong><\/td><\/tr><tr><td colspan=\"2\"><a href=\"http:\/\/abrc.sinica.edu.tw\/\"><strong><mark style=\"background-color:rgba(0, 0, 0, 0)\" class=\"has-inline-color has-vivid-red-color\">Agricultural Biotechnology Research Center <\/mark><\/strong><\/a><\/td><\/tr><tr><td><mark style=\"background-color:rgba(0, 0, 0, 0)\" class=\"has-inline-color has-black-color\"><a href=\"http:\/\/abrc.sinica.edu.tw\/pi\/?id=lfshyur\"><strong>Lie-Fen Shyur<\/strong><\/a> <br>Ph.D., National Taiwan University, Taiwan <br><br>Herbal medicine biotechnology, cancer pharmacology, enzyme biotechnology<\/mark><\/td><td><mark style=\"background-color:rgba(0, 0, 0, 0)\" class=\"has-inline-color has-black-color\"><a href=\"http:\/\/abrc.sinica.edu.tw\/pi\/?id=wcy\"><strong>Wen-Chin Yang<\/strong><\/a> <br>Ph.D., Universit\u00e9 de la M\u00e9diterran\u00e9e, France <br><br>Natural products research, T cell biology, immunology, cancer biology and diabetes<\/mark><\/td><\/tr><tr><td colspan=\"2\"><a href=\"http:\/\/www.genomics.sinica.edu.tw\/index.php?lang=en\"><strong><mark style=\"background-color:rgba(0, 0, 0, 0)\" class=\"has-inline-color has-vivid-red-color\">Genomics Research Center<\/mark><\/strong><\/a><\/td><\/tr><tr><td><mark style=\"background-color:rgba(0, 0, 0, 0)\" class=\"has-inline-color has-black-color\"><a href=\"http:\/\/www.genomics.sinica.edu.tw\/index.php?option=com_content&amp;view=article&amp;id=60&amp;Itemid=173%e3%80%88=en\"><strong>Trees-Juen Chuang<\/strong><\/a> <br>Ph.D., National Chiao Tung University, Taiwan <br><br>Bioinformatics, comparative &amp; evolutionary genomics\/transcriptomics, primate evolution<\/mark><\/td><td><mark style=\"background-color:rgba(0, 0, 0, 0)\" class=\"has-inline-color has-black-color\"><a href=\"http:\/\/www.genomics.sinica.edu.tw\/index.php?option=com_content&amp;view=article&amp;id=65&amp;Itemid=178%e3%80%88=en\"><strong>Tsung-Lin Li<\/strong><\/a> Ph.D., University of Cambridge, UK <br><br>Natural product chemistry, microbial pathogenicity<\/mark><\/td><\/tr><tr><td colspan=\"2\"><a href=\"http:\/\/icob.sinica.edu.tw\/html\/Eng\/Home\/\"><strong><mark style=\"background-color:rgba(0, 0, 0, 0)\" class=\"has-inline-color has-vivid-red-color\">Institute of Cellular and Organismic Biology<\/mark><\/strong><\/a><\/td><\/tr><tr><td><mark style=\"background-color:rgba(0, 0, 0, 0)\" class=\"has-inline-color has-black-color\"><a href=\"http:\/\/140.109.49.7\/lab.php?id=24\"><strong>Jr-Kai Yu<\/strong><\/a> <br>Ph.D., University of California, San Diego, USA <br><br>Developmental biology, evolution of development<\/mark><\/td><td><mark style=\"background-color:rgba(0, 0, 0, 0)\" class=\"has-inline-color has-black-color\"><a href=\"http:\/\/140.109.49.7\/lab.php?id=10\"><strong>Yi-Hsien Su<\/strong><\/a> <br>Ph.D., University of California, San Diego, USA <br><br>Developmental biology, gene regulatory network, evolutionary developmental biology<\/mark><\/td><\/tr><tr><td><mark style=\"background-color:rgba(0, 0, 0, 0)\" class=\"has-inline-color has-black-color\"><a href=\"http:\/\/140.109.49.7\/lab.php?id=41\"><strong>Yung-Che Tseng<\/strong><\/a> <br>Ph.D., National Taiwan University, Taiwan <br><br>Marine systeomics, Evolutionary and comparative physiology, Metabolic physiology<\/mark><\/td><td><\/td><\/tr><tr><td><mark style=\"background-color:rgba(0, 0, 0, 0)\" class=\"has-inline-color has-black-color\"><a href=\"https:\/\/icob.sinica.edu.tw\/Faculty\/faculty_more?id=7ef0c59201df433a84ddc72df8d29edb\"><strong>Konstantin Khalturin<\/strong><\/a> <br>Ph.D., Christian-Albrechts University of Kiel, Germany <br><br>Zoology, Cell Biology, Genomics, Bioinformatics, Molecular Biology &nbsp;<\/mark><\/td><td>&nbsp;<\/td><\/tr><tr><td><a href=\"https:\/\/www.chem.sinica.edu.tw\/index.php?lang=en\"><strong><mark style=\"background-color:rgba(0, 0, 0, 0)\" class=\"has-inline-color has-vivid-red-color\">Institute of Chemistry<\/mark><\/strong><\/a><\/td><td><a href=\"http:\/\/www.stat.sinica.edu.tw\/statnewsite\/?locale=en_US\"><strong><mark style=\"background-color:rgba(0, 0, 0, 0)\" class=\"has-inline-color has-vivid-red-color\">Institute of Statistical Science<\/mark><\/strong><\/a><\/td><\/tr><tr><td><mark style=\"background-color:rgba(0, 0, 0, 0)\" class=\"has-inline-color has-black-color\"><a href=\"https:\/\/www.chem.sinica.edu.tw\/faculty\/index.php?piName=sfyu&amp;lang=en\"><strong>Steve S.-F. Yu<\/strong><\/a> <br>Ph.D., National Tsing Hua University, Taiwan <br><br>Catalysis, Biocatalysis, and Inorganic Biochemistry<\/mark><\/td><td><mark style=\"background-color:rgba(0, 0, 0, 0)\" class=\"has-inline-color has-black-color\"><a href=\"http:\/\/www.stat.sinica.edu.tw\/wliu1975\/\"><strong>Wei-Chung Liu<\/strong><\/a> <br>Ph.D., Imperial College London, UK <br><br>Mathematical biology, theoretical ecology, quantitative epidemiology, network biology, sociology, systems biology<\/mark><\/td><\/tr><tr><td><a href=\"https:\/\/ipmb.sinica.edu.tw\/en\"><strong><mark style=\"background-color:rgba(0, 0, 0, 0)\" class=\"has-inline-color has-vivid-red-color\">Institute of Plant &amp; Microbial Biology <\/mark><\/strong><\/a><\/td><td><strong>&nbsp;<\/strong><\/td><\/tr><tr><td><mark style=\"background-color:rgba(0, 0, 0, 0)\" class=\"has-inline-color has-black-color\"><a href=\"https:\/\/ipmb.sinica.edu.tw\/en\/people\/ipmb_researchers\/kuo-chih-horng\"><strong>Chih-Horng Kuo<\/strong><\/a> <br>Ph.D., University of Georgia, USA <br><br>Evolutionary and functional genomics of host-associated bacteria<\/mark><\/td><td><mark style=\"background-color:rgba(0, 0, 0, 0)\" class=\"has-inline-color has-black-color\"><strong><a href=\"https:\/\/ipmb.sinica.edu.tw\/en\/people\/ipmb_researchers\/hsieh-yu-ying\">Yu-Ying Hsieh<\/a><\/strong> <br>Ph.D., Harvard University, USA <br><br>Polymicrobial interaction and evolution, Fungal-bacterial competition, host-microbe interaction<\/mark><\/td><\/tr><tr><td><mark style=\"background-color:rgba(0, 0, 0, 0)\" class=\"has-inline-color has-black-color\"><a href=\"https:\/\/ipmb.sinica.edu.tw\/en\/people\/ipmb_researchers\/ku-chuan\"><strong>Chuan Ku<\/strong><\/a> <br>Ph.D., Heinrich-Heine-Universit\u00e4t D\u00fcsseldorf, Germany <br><br>Algae, protists, giant viruses, genome evolution and regulation in eukaryotes, microbial interactions, marine microbiology<\/mark><\/td><td><\/td><\/tr><tr><td><a href=\"http:\/\/www.imb.sinica.edu.tw\/en\/\"><strong><mark style=\"background-color:rgba(0, 0, 0, 0)\" class=\"has-inline-color has-vivid-red-color\">Institute of Molecular Biology<\/mark><\/strong><\/a><\/td><td><a href=\"http:\/\/www.rcec.sinica.edu.tw\/?lang=en\"><strong><mark style=\"background-color:rgba(0, 0, 0, 0)\" class=\"has-inline-color has-vivid-red-color\">Research Center for Environmental Changes<\/mark><\/strong><\/a><\/td><\/tr><tr><td><mark style=\"background-color:rgba(0, 0, 0, 0)\" class=\"has-inline-color has-black-color\"><a href=\"http:\/\/www.imb.sinica.edu.tw\/~jleu\/\"><strong>Jun-Yi Leu<\/strong><\/a> <br>Ph.D., Yale University, USA <br><br>Molecular mechanisms of speciation and genetic buffering<\/mark><\/td><td><mark style=\"background-color:rgba(0, 0, 0, 0)\" class=\"has-inline-color has-black-color\"><a href=\"http:\/\/www.rcec.sinica.edu.tw\/~tyho\/indexen.php\"><strong>Tung-Yuan Ho<\/strong><\/a> <br>Ph.D., State University of New York at Stony Brook, USA <\/mark><br><br><mark style=\"background-color:rgba(0, 0, 0, 0)\" class=\"has-inline-color has-black-color\">Marine biogeochemistry, marine phytoplankton ecology, environmental biogeochemistry<\/mark><\/td><\/tr><tr><td><mark style=\"background-color:rgba(0, 0, 0, 0)\" class=\"has-inline-color has-black-color\"><strong><a href=\"https:\/\/www.imb.sinica.edu.tw\/en\/faculty\/profile\/cchang.html\">Ching-Ho Chang<\/a><\/strong> <br>Ph.D., University of Rochester, USA <br><br>Evolutionary genomics, selfish genetic elements, rapid evolution, chromatin<\/mark><\/td><td>&nbsp;<\/td><\/tr><\/tbody><\/table><\/figure>\n\n\n\n<figure class=\"wp-block-table is-style-stripes\"><table class=\"has-black-color has-text-color has-link-color\"><tbody><tr><td><strong><a href=\"https:\/\/en.ntnu.edu.tw\/\"><mark style=\"background-color:rgba(0, 0, 0, 0)\" class=\"has-inline-color has-vivid-red-color\">NATIONAL TAIWAN NORMAL UNIVERSITY<\/mark><\/a><\/strong><mark style=\"background-color:rgba(0, 0, 0, 0)\" class=\"has-inline-color has-vivid-green-cyan-color\"> <\/mark><br><br><strong><a href=\"https:\/\/www.biol.ntnu.edu.tw\/index.php\/en\/home_en\/faculty\/\"><mark style=\"background-color:rgba(0, 0, 0, 0)\" class=\"has-inline-color has-vivid-red-color\">Department of Life Science, College of Science<\/mark><\/a><\/strong><\/td><\/tr><tr><td><a rel=\"noreferrer noopener\" href=\"http:\/\/www.biol.ntnu.edu.tw\/en\/people\/bio.php?PID=46\" target=\"_blank\"><strong>Yuying Hsu<\/strong><\/a> <br>Ph.D., Syracuse University, USA <br><br>Animal contest, dog behavior, fish behavior<\/td><td><a rel=\"noreferrer noopener\" href=\"http:\/\/www.biol.ntnu.edu.tw\/en\/people\/bio.php?PID=45\" target=\"_blank\"><strong>Shou-Hsien Li<\/strong><\/a> <br>Ph.D., State University New York, Albany, USA <br><br>Population genetics and evolution, topics in animal behavior<\/td><\/tr><tr><td><a rel=\"noreferrer noopener\" href=\"http:\/\/www.biol.ntnu.edu.tw\/en\/people\/bio.php?PID=16\" target=\"_blank\"><strong>Chung-Chi Chen<\/strong><\/a> <br>Ph.D., University of Maryland, USA <br><br>Ecological modelling, system ecology, planktonic ecology, estuarine ecology, nutrient dynamics, experimental ecosystems<\/td><td><a rel=\"noreferrer noopener\" href=\"http:\/\/www.biol.ntnu.edu.tw\/en\/people\/bio.php?PID=32\" target=\"_blank\"><strong>Yu-Feng Hsu<\/strong><\/a> <br>Ph.D., University of California, Berkeley, USA <br><br>Entomology, phylogenetic systematics<\/td><\/tr><tr><td><a rel=\"noreferrer noopener\" href=\"http:\/\/www.biol.ntnu.edu.tw\/en\/people\/bio.php?PID=61\" target=\"_blank\"><strong>Teng-Chiu Lin<\/strong><\/a> <br>Ph.D., The University of Kansas, USA <br><br>Forest ecology, landscape ecology<\/td><td><a rel=\"noreferrer noopener\" href=\"http:\/\/www.biol.ntnu.edu.tw\/en\/people\/bio.php?PID=114\" target=\"_blank\"><strong>Chung-Ping Lin<\/strong><\/a> <br>Ph.D., Cornell University, USA <br><br>Treehopper Biology, Vibrational Communication, Molecular Systematics &amp; Phylogenetics, Character Evolution, Phylogeography<\/td><\/tr><tr><td><a rel=\"noreferrer noopener\" href=\"http:\/\/www.biol.ntnu.edu.tw\/en\/people\/bio.php?PID=109\" target=\"_blank\"><strong>Pei-Chun Liao<\/strong><\/a> <br>Ph.D., National Taiwan Normal University, Taiwan <br><br>Population genetics; Molecular evolution; Phylogeography; Molecular ecology<\/td><td><a rel=\"noreferrer noopener\" href=\"http:\/\/www.biol.ntnu.edu.tw\/en\/people\/bio.php?PID=62\" target=\"_blank\"><strong>Si-Min Lin<\/strong><\/a> <br>Ph.D., National Taiwan Normal University, Taiwan <br><br>Herpetology, phylogenetics and systematics, conservation genetics, phylogeography, population dynamics of amphibians and reptiles<\/td><\/tr><tr><td><a rel=\"noreferrer noopener\" href=\"http:\/\/www.biol.ntnu.edu.tw\/en\/people\/bio.php?PID=60\" target=\"_blank\"><strong>Tsu-Wei Wang<\/strong><\/a> <br>Ph.D., University of Michigan, USA <br><br>Neuroscience, developmental neurobiology, neural stem cell<\/td><td><a rel=\"noreferrer noopener\" href=\"http:\/\/www.biol.ntnu.edu.tw\/en\/people\/bio.php?PID=116\" target=\"_blank\"><strong>Chi-Chien Kuo<\/strong><\/a> <br>Ph.D., University of California, Davis, USA <br><br>Disease Ecology, Ecological Immunology, Ecological Parasitology, Mammalogy<\/td><\/tr><tr><td><a rel=\"noreferrer noopener\" href=\"http:\/\/www.biol.ntnu.edu.tw\/en\/people\/bio.php?PID=59\" target=\"_blank\"><strong>Pei-Jen Lee Shaner<\/strong><\/a> <br>Ph.D., University of Virginia, USA <br><br>Small mammal population biology, foraging behavior, stable isotope ecology, ecological niche modeling<\/td><td><a rel=\"noreferrer noopener\" href=\"http:\/\/www.biol.ntnu.edu.tw\/people\/bio.php?PID=50\" target=\"_blank\"><strong>Li-Yih Lin<\/strong><\/a> <br>Ph.D., National Defense Medical Center, Taiwan <br><br>Fish Ecophysiology, Aquatic toxicology<\/td><\/tr><tr><td><strong>Yi-Shan Chao<\/strong> <br>Ph.D., Department of Biological Sciences, National Sun Yat-Sen University, Taiwan <br><br>Plant Taxonomy, Plant Systematics, Pteridophytes, Carnivorous Plants, Aquatic Plants<\/td><td><strong>Chun-Chia Chou<\/strong><br>Ph.D., Australian National University, Australian <br><br>Animal communication, Animal behavior, Sexual selection, Behavioral ecology, Evolutionary ecology<br><\/td><\/tr><\/tbody><\/table><\/figure>\n\n\n\n<p><\/p>\n\n\n\n<figure class=\"wp-block-table is-style-stripes\"><table class=\"has-black-color has-text-color has-link-color\"><tbody><tr><td><mark style=\"background-color:rgba(0, 0, 0, 0)\" class=\"has-inline-color has-vivid-red-color\"><a href=\"http:\/\/eng.thu.edu.tw\/\"><strong>TUNGHAI UNIVERITY<\/strong><\/a> <\/mark><br><mark style=\"background-color:rgba(0, 0, 0, 0)\" class=\"has-inline-color has-vivid-red-color\"><br><strong><u><a href=\"https:\/\/cee.thu.edu.tw\/index.php?lang=zh_tw\">Center for Ecology and Environment<\/a><\/u><\/strong><\/mark><\/td><\/tr><tr><td><a href=\"http:\/\/biology.thu.edu.tw\/front\/member\/member2\/Ecology\/member.php?ID=dGh1X2Jpb2xvZ3kmRWNvbG9neQ==&amp;PID=17\"><strong>Jyh-Min Chiang<\/strong><\/a> <br>Ohio University, Ph.D. <br><br>Ecosystem ecology, plant ecophysiology, plant community ecology<\/td><td><strong>Mingli Hsieh<\/strong> <br>University of California, Los Angles, Ph.D. <br><br>Neurodegenerative disorder, mitochondrial disease, molecular medicine<\/td><\/tr><tr><td><a href=\"http:\/\/biology.thu.edu.tw\/front\/member\/member2\/Ecology\/member.php?ID=dGh1X2Jpb2xvZ3kmRWNvbG9neQ==&amp;PID=48\"><strong>Yiching Lin<\/strong><\/a> <br>University of Illinois, Urbana-Champaign, Ph.D. <br><br>Plant ecology, population and community ecology, quantitative ecology, spatial analysis<\/td><td><a href=\"http:\/\/biology.thu.edu.tw\/front\/member\/member2\/Ecology\/member.php?ID=dGh1X2Jpb2xvZ3kmRWNvbG9neQ==&amp;PID=11\"><strong>Hui-Chen Lin<\/strong><\/a> <br>Pennsylvania State University, Ph.D. <br><br>Physiological ecology, evolutionary physiology, aquatic biology and wetland ecology<\/td><\/tr><tr><td><a href=\"http:\/\/biology.thu.edu.tw\/front\/member\/member2\/Ecology\/member.php?ID=dGh1X2Jpb2xvZ3kmRWNvbG9neQ==&amp;PID=14\"><strong>I-Min Tso<\/strong><\/a> <br>University of Michigan, Ph.D. <br><br>Behavior Ecology<\/td><td><a href=\"http:\/\/biology.thu.edu.tw\/front\/member\/member2\/Ecology\/member.php?ID=dGh1X2Jpb2xvZ3kmRWNvbG9neQ==&amp;PID=2369\"><strong>Shao-Lun (Allen) Liu<\/strong><\/a> <br>University of British Columbia, Ph.D. <br><br>Phycology, molecular systematics, community ecology, molecular ecology<\/td><\/tr><tr><td><strong><u>Yi-Wen Liu<\/u><\/strong> <br>Ph.D., National Defense Medical Center, Taiwan <br><br>Zebrafish model, molecular genetics<\/td><td><a href=\"http:\/\/biology.thu.edu.tw\/front\/member\/member2\/Ecology\/member.php?ID=dGh1X2Jpb2xvZ3kmRWNvbG9neQ==&amp;PID=2392\"><strong>Kuo-Chang Wen<\/strong><\/a> <br>James Cook University, PhD <br><br>Coral reef fish ecology, marine reserves, environmental impact assessment, marine field ecology and conservation biology<\/td><\/tr><tr><td><a href=\"http:\/\/biology.thu.edu.tw\/front\/member\/member2\/Ecology\/member.php?ID=dGh1X2Jpb2xvZ3kmRWNvbG9neQ==&amp;PID=2969\"><strong>Chung-Te Chang<\/strong><\/a> <br>Ph.D., National Changhua University of Education, Taiwan <br><br>Geospatial analysis, Remote sensing, Landscape Ecology<\/td><td><a href=\"http:\/\/biology.thu.edu.tw\/front\/member\/member2\/Ecology\/member.php?ID=dGh1X2Jpb2xvZ3kmRWNvbG9neQ==&amp;PID=2983\"><strong>Li-Wei Wu<\/strong><\/a> <br>Ph.D., National Taiwan Normal University, Taiwan <br><br>Biogeography, population genetics, Systematics, Butterfly conservation, Butterfly ecology and behavior<\/td><\/tr><tr><td><strong>Bin-Yan Hsu<\/strong> <br>PhD, University of Groningen, Groningen, The Netherlands <br><br>Ornithology, Eco-Evolutionary Physiology, Evolutionary Ecology, Maternal Effects<\/td><td><strong><u>&nbsp;<\/u><\/strong><\/td><\/tr><tr><td><strong>Department of Chemistry<\/strong><strong><\/strong><\/td><\/tr><tr><td><a href=\"https:\/\/sites.google.com\/site\/lebchuang\/\"><strong>Min-Chieh Chuang<\/strong><\/a> <br>National Cheng Kung University, Ph.D. <br><br>Analytical Chemistry, electrochemistry, biosensors electrocatalysis, bioelectronics<\/td><td><a href=\"http:\/\/web.thu.edu.tw\/howardhsu\/www\/index.html\"><strong>Yuan-Hao Hsu<\/strong><\/a> <br>University of California, Riverside, USA, Ph.D. <br><br>Aging disease, biochemistry, medical applications of mass spectrometry<\/td><\/tr><tr><td><strong>Department of Statistics<\/strong><strong><\/strong><\/td><\/tr><tr><td><a href=\"http:\/\/stat.thu.edu.tw\/web\/teacher\/detail.php?cid=5&amp;id=37\"><strong>Pao-Sheng Shen<\/strong><\/a> <br>University of Kentucky Ph. D. <br><br>Survival Analysis, analysis of variance components, sampling survey<\/td><td><\/td><\/tr><\/tbody><\/table><\/figure>\n","protected":false},"excerpt":{"rendered":"<p>Academia SinicaNational Taiwan Normal UniversityTunghai&#8230; <\/p>\n<div class=\"link-more\"><a href=\"https:\/\/tigp-biodiv.biodiv.tw\/index.php\/faculty\/\">Read More<\/a><\/div>\n","protected":false},"author":1,"featured_media":0,"parent":0,"menu_order":0,"comment_status":"closed","ping_status":"closed","template":"","meta":{"footnotes":""},"class_list":["post-161","page","type-page","status-publish","hentry"],"_links":{"self":[{"href":"https:\/\/tigp-biodiv.biodiv.tw\/index.php\/wp-json\/wp\/v2\/pages\/161","targetHints":{"allow":["GET"]}}],"collection":[{"href":"https:\/\/tigp-biodiv.biodiv.tw\/index.php\/wp-json\/wp\/v2\/pages"}],"about":[{"href":"https:\/\/tigp-biodiv.biodiv.tw\/index.php\/wp-json\/wp\/v2\/types\/page"}],"author":[{"embeddable":true,"href":"https:\/\/tigp-biodiv.biodiv.tw\/index.php\/wp-json\/wp\/v2\/users\/1"}],"replies":[{"embeddable":true,"href":"https:\/\/tigp-biodiv.biodiv.tw\/index.php\/wp-json\/wp\/v2\/comments?post=161"}],"version-history":[{"count":247,"href":"https:\/\/tigp-biodiv.biodiv.tw\/index.php\/wp-json\/wp\/v2\/pages\/161\/revisions"}],"predecessor-version":[{"id":2162,"href":"https:\/\/tigp-biodiv.biodiv.tw\/index.php\/wp-json\/wp\/v2\/pages\/161\/revisions\/2162"}],"wp:attachment":[{"href":"https:\/\/tigp-biodiv.biodiv.tw\/index.php\/wp-json\/wp\/v2\/media?parent=161"}],"curies":[{"name":"wp","href":"https:\/\/api.w.org\/{rel}","templated":true}]}}